{"id":91,"date":"2025-07-09T04:45:10","date_gmt":"2025-07-09T04:45:10","guid":{"rendered":"https:\/\/c4hwxdcb7g.onrocket.site\/?page_id=91"},"modified":"2025-07-15T05:41:40","modified_gmt":"2025-07-15T05:41:40","slug":"shipping-delivery","status":"publish","type":"page","link":"https:\/\/fast-sling-puck.com\/fr\/shipping-delivery\/","title":{"rendered":"Exp\u00e9dition et livraison"},"content":{"rendered":"<p class=\"translation-block\">Chez <strong>Fast Sling Puck<\/strong>, nous mettons tout en \u0153uvre pour que votre commande soit trait\u00e9e et livr\u00e9e le plus rapidement possible. Vous trouverez ci-dessous notre politique d'exp\u00e9dition et de livraison, qui d\u00e9crit les d\u00e9lais pr\u00e9vus et d'autres d\u00e9tails importants concernant votre commande.<\/p><h3>D\u00e9lai de livraison total : 5-12 jours ouvrables<\/h3><p class=\"translation-block\">Le d\u00e9lai total de r\u00e9ception de votre commande est g\u00e9n\u00e9ralement compris entre <strong>5 et 12 jours ouvrables<\/strong>, en fonction de votre lieu de r\u00e9sidence. Ce d\u00e9lai comprend les temps de manutention et d'acheminement.<\/p><h3>Heure limite de r\u00e9ception des commandes<\/h3><p class=\"translation-block\">Les commandes pass\u00e9es avant <strong>14h00 heure locale<\/strong> seront trait\u00e9es le m\u00eame jour ouvrable. Toute commande pass\u00e9e apr\u00e8s cette heure sera trait\u00e9e le jour ouvrable suivant.<\/p><h3>D\u00e9lai de traitement : 1-3 jours ouvrables<\/h3><p class=\"translation-block\">Une fois que vous avez pass\u00e9 votre commande, il faut compter <strong>1 \u00e0 3 jours ouvrables<\/strong> pour pr\u00e9parer, emballer et exp\u00e9dier vos articles. Pendant ce temps, nous confirmons les d\u00e9tails de votre commande et nous nous assurons que tout est pr\u00eat pour l'exp\u00e9dition.<\/p><h3>D\u00e9lai de livraison : 4-9 jours ouvrables<\/h3><p class=\"translation-block\">Une fois votre commande exp\u00e9di\u00e9e, le d\u00e9lai d'acheminement est g\u00e9n\u00e9ralement de 4 \u00e0 9 jours ouvrables, en fonction de votre lieu de r\u00e9sidence. Il s'agit du temps n\u00e9cessaire pour que le colis soit livr\u00e9 de notre entrep\u00f4t \u00e0 votre adresse.<\/p><h3>Frais d'exp\u00e9dition<\/h3><p class=\"translation-block\">D\u00e8s \u00e0 pr\u00e9sent (<strong>24 septembre 2024<\/strong>), nous offrons <strong>une livraison gratuite dans le monde entier<\/strong>. Cette offre est toutefois susceptible d'\u00eatre modifi\u00e9e. Si des frais d'exp\u00e9dition s'appliquent \u00e0 l'avenir, ils seront affich\u00e9s explicitement sur le site web lors du paiement. V\u00e9rifiez toujours le prix final de l'exp\u00e9dition avant de terminer votre commande.<\/p><h3>Informations sur le suivi<\/h3><p class=\"translation-block\">Une fois votre commande exp\u00e9di\u00e9e, vous recevrez un courriel de confirmation contenant un <strong>num\u00e9ro de suivi<\/strong>. Vous pouvez utiliser ce num\u00e9ro pour suivre votre colis sur notre <a href=\"https:\/\/fast-sling-puck.com\/fr\/track-my-order\/\" target=\"_self\"><strong>Page de suivi de commande<\/strong><\/a>.<\/p><h3>Options d'exp\u00e9dition express<\/h3><p>En fonction de votre lieu de livraison, nous pouvons proposer un service d'exp\u00e9dition express aux clients qui souhaitent que leur commande soit livr\u00e9e plus rapidement. Cette option est disponible au moment du paiement et entra\u00eene des frais suppl\u00e9mentaires, qui seront affich\u00e9s avant que vous ne confirmiez votre commande.<\/p><h3>Partenaires de livraison<\/h3><p>Nous travaillons en partenariat avec des soci\u00e9t\u00e9s de livraison internationales et locales fiables afin de garantir que votre colis arrive \u00e0 temps et en bon \u00e9tat. Nos principaux partenaires en mati\u00e8re d'exp\u00e9dition sont les suivants<\/p><ul><li>FedEx<\/li><li>DHL<\/li><li>Yun Express<\/li><li>CNE Express<\/li><li>UBI<\/li><\/ul><p>Nous travaillons \u00e9galement en partenariat avec les services postaux locaux, en fonction de votre localisation, pour la derni\u00e8re \u00e9tape de la livraison.<\/p><h3>D\u00e9lais de livraison par lieu<\/h3><p>Vous trouverez ci-dessous un tableau indiquant les d\u00e9lais de livraison moyens en fonction de votre lieu de r\u00e9sidence : <table border=\"1px\"><thead><tr><th><strong>R\u00e9gion<\/strong><\/th><th><strong>Villes Principales<\/strong><\/th><th><strong>D\u00e9lai de Livraison Moyen<\/strong><\/th><\/tr><tr><td><strong>\u00cele-de-France<\/strong><\/td><td>Paris, Boulogne-Billancourt, Saint-Denis<\/td><td>7-9 jours ouvrables<\/td><\/tr><tr><td><strong>Provence-Alpes-C\u00f4te d'Azur<\/strong><\/td><td>Marseille, Nice, Toulon<\/td><td>8-10 jours ouvrables<\/td><\/tr><tr><td><strong>Auvergne-Rh\u00f4ne-Alpes<\/strong><\/td><td>Lyon, Grenoble, Saint-\u00c9tienne<\/td><td>8-10 jours ouvrables<\/td><\/tr><tr><td><strong>Nouvelle-Aquitaine<\/strong><\/td><td>Bordeaux, Limoges, Poitiers<\/td><td>9-11 jours ouvrables<\/td><\/tr><tr><td><strong>Occitanie<\/strong><\/td><td>Toulouse, Montpellier, N\u00eemes<\/td><td>8-10 jours ouvrables<\/td><\/tr><tr><td><strong>Hauts-de-France<\/strong><\/td><td>Lille, Amiens, Roubaix<\/td><td>8-10 jours ouvrables<\/td><\/tr><tr><td><strong>Grand Est<\/strong><\/td><td>Strasbourg, Nancy, Reims<\/td><td>9-11 jours ouvrables<\/td><\/tr><tr><td><strong>Bretagne<\/strong><\/td><td>Rennes, Brest, Quimper<\/td><td>9-11 jours ouvrables<\/td><\/tr><tr><td><strong>Normandie<\/strong><\/td><td>Rouen, Caen, Le Havre<\/td><td>9-11 jours ouvrables<\/td><\/tr><tr><td><strong>Centre-Val de Loire<\/strong><\/td><td>Orl\u00e9ans, Tours, Bourges<\/td><td>9-11 jours ouvrables<\/td><\/tr><tr><td><strong>Bourgogne-Franche-Comt\u00e9<\/strong><\/td><td>Dijon, Besan\u00e7on, Belfort<\/td><td>9-11 jours ouvrables<\/td><\/tr><tr><td><strong>Pays de la Loire<\/strong><\/td><td>Nantes, Angers, Le Mans<\/td><td>8-10 jours ouvrables<\/td><\/tr><tr><td><strong>Corse<\/strong><\/td><td>Ajaccio, Bastia, Calvi<\/td><td>10-12 jours ouvrables<\/td><\/tr><tr><td><strong>La R\u00e9union<\/strong><\/td><td>Saint-Denis, Saint-Pierre, Saint-Paul<\/td><td>13-17 jours ouvrables<\/td><\/tr><tr><td><strong>Guadeloupe<\/strong><\/td><td>Pointe-\u00e0-Pitre, Les Abymes, Basse-Terre<\/td><td>13-17 jours ouvrables<\/td><\/tr><tr><td><strong>Martinique<\/strong><\/td><td>Fort-de-France, Le Lamentin, Le Robert<\/td><td>13-17 jours ouvrables<\/td><\/tr><tr><td><strong>Guyane<\/strong><\/td><td>Cayenne, Saint-Laurent-du-Maroni, Kourou<\/td><td>13-17 jours ouvrables<\/td><\/tr><tr><td><strong>Mayotte<\/strong><\/td><td>Mamoudzou, Koungou, Dzaoudzi<\/td><td>13-17 jours ouvrables<\/td><\/tr><\/thead><\/table> Veuillez noter que les d\u00e9lais de livraison peuvent varier en fonction de votre emplacement exact et de tout retard impr\u00e9vu de la part du transporteur. Exp\u00e9ditions retard\u00e9es Veuillez noter que les d\u00e9lais de livraison peuvent occasionnellement \u00eatre affect\u00e9s par des facteurs externes tels que les formalit\u00e9s douani\u00e8res, les conditions m\u00e9t\u00e9orologiques ou les jours f\u00e9ri\u00e9s. Bien que nous fassions de notre mieux pour respecter les d\u00e9lais de livraison estim\u00e9s, des retards ind\u00e9pendants de notre volont\u00e9 peuvent survenir. Si votre commande est retard\u00e9e, vous en serez inform\u00e9 par courrier \u00e9lectronique.<\/p><h3>Exp\u00e9dition internationale<\/h3><p>Pour les commandes internationales, le destinataire est responsable des droits de douane ou des taxes \u00e0 l'importation qui peuvent \u00eatre appliqu\u00e9s par son pays. Le traitement douanier peut parfois retarder la livraison, veuillez donc pr\u00e9voir un d\u00e9lai suppl\u00e9mentaire pour les envois internationaux.<\/p><h4>Produit Pays d'exp\u00e9dition \/ Provenance<\/h4><ul><li class=\"translation-block\"><strong>Livraison en Europe ou en Afrique:<\/strong> Si votre adresse de livraison est en Europe, le produit sera exp\u00e9di\u00e9 \u00e0 partir de notre entrep\u00f4t en France. Si le produit n'est pas disponible dans notre entrep\u00f4t fran\u00e7ais, il sera exp\u00e9di\u00e9 directement depuis notre fabricant en Asie.<\/li><li class=\"translation-block\"><strong>Livraison aux Am\u00e9riques (y compris l'Am\u00e9rique du Sud):<\/strong> Pour les livraisons aux Am\u00e9riques, y compris l'Am\u00e9rique du Sud, le produit sera exp\u00e9di\u00e9 \u00e0 partir de notre entrep\u00f4t aux \u00c9tats-Unis. Si le produit n'est pas disponible dans notre entrep\u00f4t aux \u00c9tats-Unis, il sera exp\u00e9di\u00e9 directement par notre fabricant en Asie.<\/li><li class=\"translation-block\"><strong>Livraison en Asie \/ Oc\u00e9anie (Australie \/ Nouvelle-Z\u00e9lande):<\/strong> Pour les adresses de livraison en Asie ou en Oc\u00e9anie, les produits seront exp\u00e9di\u00e9s soit \u00e0 partir de notre entrep\u00f4t en Australie, soit \u00e0 partir de notre fabricant en Asie, en fonction de la disponibilit\u00e9 de l'entrep\u00f4t.<\/li><\/ul><h3>Changements d'adresse<\/h3><p class=\"translation-block\">Si vous devez modifier votre adresse de livraison apr\u00e8s avoir pass\u00e9 votre commande, veuillez nous contacter d\u00e8s que possible \u00e0 <strong>COPY00<\/strong>. Les changements d'adresse ne peuvent \u00eatre effectu\u00e9s apr\u00e8s l'exp\u00e9dition de la commande.<\/p><h3>Informations compl\u00e9mentaires<\/h3><ul><li class=\"translation-block\"><strong>Douanes et droits<\/strong> : Le cas \u00e9ch\u00e9ant, les droits de douane et d'importation sont \u00e0 la charge du destinataire et peuvent affecter les d\u00e9lais de livraison.<\/li><li class=\"translation-block\"><strong>Jours f\u00e9ri\u00e9s<\/strong> : Les commandes pass\u00e9es pendant ou autour des jours f\u00e9ri\u00e9s peuvent subir de l\u00e9gers retards.<\/li><\/ul><p class=\"translation-block\">Si vous avez des questions concernant votre livraison, n'h\u00e9sitez pas \u00e0 nous contacter \u00e0 <strong>COPY00<\/strong>, et nous serons heureux de vous aider.<\/p>","protected":false},"excerpt":{"rendered":"At , we strive to ensure that your order is processed and delivered to you as quickly as possible. Below you\u2019ll find our shipping and delivery policy, which outlines the expected timeframes and other important details about your order.Total Delivery Time: 5-12 Business DaysThe total time to receive your order is typically between 5-12 business [&#8230;]","protected":false},"author":1,"featured_media":0,"parent":0,"menu_order":0,"comment_status":"closed","ping_status":"closed","template":"page-blank-title-center.php","meta":{"footnotes":""},"class_list":["post-91","page","type-page","status-publish","hentry"],"yoast_head":"<!-- This site is optimized with the Yoast SEO plugin v25.5 - https:\/\/yoast.com\/wordpress\/plugins\/seo\/ -->\n<title>Shipping &amp; Delivery - Fast Sling Puck<\/title>\n<meta name=\"robots\" content=\"index, follow, max-snippet:-1, max-image-preview:large, max-video-preview:-1\" \/>\n<link rel=\"canonical\" href=\"https:\/\/fast-sling-puck.com\/fr\/shipping-delivery\/\" \/>\n<meta property=\"og:locale\" content=\"fr_FR\" \/>\n<meta property=\"og:type\" content=\"article\" \/>\n<meta property=\"og:title\" content=\"Shipping &amp; Delivery - Fast Sling Puck\" \/>\n<meta property=\"og:description\" content=\"At , we strive to ensure that your order is processed and delivered to you as quickly as possible. Below you\u2019ll find our shipping and delivery policy, which outlines the expected timeframes and other important details about your order.Total Delivery Time: 5-12 Business DaysThe total time to receive your order is typically between 5-12 business [...]\" \/>\n<meta property=\"og:url\" content=\"https:\/\/fast-sling-puck.com\/fr\/shipping-delivery\/\" \/>\n<meta property=\"og:site_name\" content=\"Fast Sling Puck\" \/>\n<meta property=\"article:modified_time\" content=\"2025-07-15T05:41:40+00:00\" \/>\n<meta name=\"twitter:card\" content=\"summary_large_image\" \/>\n<meta name=\"twitter:label1\" content=\"Dur\u00e9e de lecture estim\u00e9e\" \/>\n\t<meta name=\"twitter:data1\" content=\"3 minutes\" \/>\n<script type=\"application\/ld+json\" class=\"yoast-schema-graph\">{\"@context\":\"https:\/\/schema.org\",\"@graph\":[{\"@type\":\"WebPage\",\"@id\":\"https:\/\/fast-sling-puck.com\/shipping-delivery\/\",\"url\":\"https:\/\/fast-sling-puck.com\/shipping-delivery\/\",\"name\":\"Shipping & Delivery - Fast Sling Puck\",\"isPartOf\":{\"@id\":\"https:\/\/fast-sling-puck.com\/#website\"},\"datePublished\":\"2025-07-09T04:45:10+00:00\",\"dateModified\":\"2025-07-15T05:41:40+00:00\",\"breadcrumb\":{\"@id\":\"https:\/\/fast-sling-puck.com\/shipping-delivery\/#breadcrumb\"},\"inLanguage\":\"fr-FR\",\"potentialAction\":[{\"@type\":\"ReadAction\",\"target\":[\"https:\/\/fast-sling-puck.com\/shipping-delivery\/\"]}]},{\"@type\":\"BreadcrumbList\",\"@id\":\"https:\/\/fast-sling-puck.com\/shipping-delivery\/#breadcrumb\",\"itemListElement\":[{\"@type\":\"ListItem\",\"position\":1,\"name\":\"Home\",\"item\":\"https:\/\/fast-sling-puck.com\/\"},{\"@type\":\"ListItem\",\"position\":2,\"name\":\"Shipping &#038; Delivery\"}]},{\"@type\":\"WebSite\",\"@id\":\"https:\/\/fast-sling-puck.com\/#website\",\"url\":\"https:\/\/fast-sling-puck.com\/\",\"name\":\"Fast Sling Puck\",\"description\":\"\",\"potentialAction\":[{\"@type\":\"SearchAction\",\"target\":{\"@type\":\"EntryPoint\",\"urlTemplate\":\"https:\/\/fast-sling-puck.com\/?s={search_term_string}\"},\"query-input\":{\"@type\":\"PropertyValueSpecification\",\"valueRequired\":true,\"valueName\":\"search_term_string\"}}],\"inLanguage\":\"fr-FR\"}]}<\/script>\n<!-- \/ Yoast SEO plugin. -->","yoast_head_json":{"title":"Exp\u00e9dition et livraison - Fast Sling Puck","robots":{"index":"index","follow":"follow","max-snippet":"max-snippet:-1","max-image-preview":"max-image-preview:large","max-video-preview":"max-video-preview:-1"},"canonical":"https:\/\/fast-sling-puck.com\/fr\/shipping-delivery\/","og_locale":"fr_FR","og_type":"article","og_title":"Shipping & Delivery - Fast Sling Puck","og_description":"At , we strive to ensure that your order is processed and delivered to you as quickly as possible. Below you\u2019ll find our shipping and delivery policy, which outlines the expected timeframes and other important details about your order.Total Delivery Time: 5-12 Business DaysThe total time to receive your order is typically between 5-12 business [...]","og_url":"https:\/\/fast-sling-puck.com\/fr\/shipping-delivery\/","og_site_name":"Fast Sling Puck","article_modified_time":"2025-07-15T05:41:40+00:00","twitter_card":"summary_large_image","twitter_misc":{"Dur\u00e9e de lecture estim\u00e9e":"3 minutes"},"schema":{"@context":"https:\/\/schema.org","@graph":[{"@type":"WebPage","@id":"https:\/\/fast-sling-puck.com\/shipping-delivery\/","url":"https:\/\/fast-sling-puck.com\/shipping-delivery\/","name":"Exp\u00e9dition et livraison - Fast Sling Puck","isPartOf":{"@id":"https:\/\/fast-sling-puck.com\/#website"},"datePublished":"2025-07-09T04:45:10+00:00","dateModified":"2025-07-15T05:41:40+00:00","breadcrumb":{"@id":"https:\/\/fast-sling-puck.com\/shipping-delivery\/#breadcrumb"},"inLanguage":"fr-FR","potentialAction":[{"@type":"ReadAction","target":["https:\/\/fast-sling-puck.com\/shipping-delivery\/"]}]},{"@type":"BreadcrumbList","@id":"https:\/\/fast-sling-puck.com\/shipping-delivery\/#breadcrumb","itemListElement":[{"@type":"ListItem","position":1,"name":"Home","item":"https:\/\/fast-sling-puck.com\/"},{"@type":"ListItem","position":2,"name":"Shipping &#038; Delivery"}]},{"@type":"WebSite","@id":"https:\/\/fast-sling-puck.com\/#website","url":"https:\/\/fast-sling-puck.com\/","name":"Fast Sling Puck","description":"","potentialAction":[{"@type":"SearchAction","target":{"@type":"EntryPoint","urlTemplate":"https:\/\/fast-sling-puck.com\/?s={search_term_string}"},"query-input":{"@type":"PropertyValueSpecification","valueRequired":true,"valueName":"search_term_string"}}],"inLanguage":"fr-FR"}]}},"_links":{"self":[{"href":"https:\/\/fast-sling-puck.com\/fr\/wp-json\/wp\/v2\/pages\/91","targetHints":{"allow":["GET"]}}],"collection":[{"href":"https:\/\/fast-sling-puck.com\/fr\/wp-json\/wp\/v2\/pages"}],"about":[{"href":"https:\/\/fast-sling-puck.com\/fr\/wp-json\/wp\/v2\/types\/page"}],"author":[{"embeddable":true,"href":"https:\/\/fast-sling-puck.com\/fr\/wp-json\/wp\/v2\/users\/1"}],"replies":[{"embeddable":true,"href":"https:\/\/fast-sling-puck.com\/fr\/wp-json\/wp\/v2\/comments?post=91"}],"version-history":[{"count":0,"href":"https:\/\/fast-sling-puck.com\/fr\/wp-json\/wp\/v2\/pages\/91\/revisions"}],"wp:attachment":[{"href":"https:\/\/fast-sling-puck.com\/fr\/wp-json\/wp\/v2\/media?parent=91"}],"curies":[{"name":"wp","href":"https:\/\/api.w.org\/{rel}","templated":true}]}}