{"id":89,"date":"2025-07-09T04:41:29","date_gmt":"2025-07-09T04:41:29","guid":{"rendered":"https:\/\/c4hwxdcb7g.onrocket.site\/?page_id=89"},"modified":"2025-07-15T05:41:34","modified_gmt":"2025-07-15T05:41:34","slug":"refund-and-returns-policy","status":"publish","type":"page","link":"https:\/\/fast-sling-puck.com\/nb\/refund-and-returns-policy\/","title":{"rendered":"Retningslinjer for refusjon og bytte"},"content":{"rendered":"<p class=\"translation-block\">Vi \u00f8nsker at du skal v\u00e6re helt forn\u00f8yd med ditt kj\u00f8p fra <strong>Fast Sling Puck<\/strong>. Hvis en vare ikke passer deg, kan du returnere eller bytte* den ved \u00e5 f\u00f8lge trinnene nedenfor.<\/p><h3>Trinn 1: Vilk\u00e5r for retur eller bytte<\/h3><p>For \u00e5 returnere eller bytte varen din (for en annen st\u00f8rrelse eller farge), m\u00e5 du s\u00f8rge for at f\u00f8lgende betingelser er oppfylt:<\/p><ul><li>Du har 30 dager p\u00e5 deg fra du mottar pakken til \u00e5 be om retur.<\/li><li>Varen m\u00e5 ha alle originale etiketter festet og v\u00e6re i samme stand som da den ble mottatt.<\/li><li>Varen m\u00e5 v\u00e6re i originalemballasjen.<\/li><\/ul><h3>Trinn 2: Kontakt oss<\/h3><p>For \u00e5 starte en retur eller et bytte, send oss en e-post til contact@fast-sling-puck.com eller bruk kontaktskjemaet p\u00e5 nettstedet v\u00e5rt. Vennligst oppgi f\u00f8lgende opplysninger i e-posten din:<\/p><ul><li>Bestillingsnummer<\/li><li class=\"translation-block\"><strong>Navnene p\u00e5 varene<\/strong> du \u00f8nsker \u00e5 returnere<\/li><li class=\"translation-block\"><strong>Hva du \u00f8nsker<\/strong>: refusjon, et tilgodebevis eller bytte (inkludert st\u00f8rrelse\/farge for bytte).<\/li><\/ul><h3>Trinn 3: Instruksjoner for retur<\/h3><p>Vi vil svare innen 48 timer med returadressen for varen din. V\u00e6r oppmerksom p\u00e5 at returfraktkostnader er kundens ansvar. Varene m\u00e5 returneres i original stand. Varer som har blitt vasket, slitt eller mangler etiketter, kan ikke returneres eller refunderes.<\/p><h3>Trinn 4: Bekreft forsendelsen<\/h3><p class=\"translation-block\">N\u00e5r du har sendt varen, bekrefter du per e-post at returen er p\u00e5 vei, og inkluderer <strong>sporingsnummer<\/strong>.<\/p><h3>Trinn 5: Behandle returen din<\/h3><p>N\u00e5r vi mottar varene dine, blir de inspisert, og vi g\u00e5r videre i henhold til dine \u00f8nsker:<\/p><ul><li class=\"translation-block\"><strong>Refusjon<\/strong>: Du vil motta en bekreftelse p\u00e5 e-post n\u00e5r refusjonen din er behandlet. Refusjoner vises vanligvis p\u00e5 kontoen din innen 5 virkedager.<\/li><li class=\"translation-block\"><strong>Bytte<\/strong>: Varene dine vil bli byttet basert p\u00e5 din returforesp\u00f8rsel, og du vil motta en e-post med ditt nye ordrenummer n\u00e5r det er behandlet.<\/li><\/ul><h3>Ikke-returnerbare varer<\/h3><p class=\"translation-block\">V\u00e6r oppmerksom p\u00e5 at f\u00f8lgende varer <strong>ikke kan returneres<\/strong> og <strong>ikke kan byttes<\/strong>:<\/p><ul><li>Siste salgsvare<\/li><li>Gavekort<\/li><li>Skreddersydde eller personaliserte produkter<\/li><li>Intimprodukter (f.eks. undert\u00f8y, badet\u00f8y)<\/li><\/ul><p>Disse varene kan ikke returneres av hygieniske \u00e5rsaker eller p\u00e5 grunn av tilpassede endringer.<\/p><h3>Returadresser etter sted<\/h3><p>Vi oppgir returadresser basert p\u00e5 hvor du befinner deg:<\/p><ul><li class=\"translation-block\">&lt;Amerika: G\u00e5 tilbake til USA eller Australia.<\/li><li class=\"translation-block\">&lt;Europa: Tilbake til Frankrike.<\/li><li class=\"translation-block\">&lt;Asia: Tilbake til Australia.<\/li><\/ul><p>Vennligst send oss en e-post for riktig returadresse. Fast Sling Puck forbeholder seg retten til \u00e5 nekte returer som sendes etter 30-dagersfristen, eller varer som ikke er i samme stand som de ble mottatt. Godkjente refusjoner vil bli utstedt gjennom den samme betalingsmetoden som ble brukt ved kj\u00f8pet. V\u00e6r oppmerksom p\u00e5 at tiden det tar f\u00f8r refusjonen vises p\u00e5 kontoen din, kan avhenge av banken din.<\/p>","protected":false},"excerpt":{"rendered":"We want you to be completely satisfied with your purchase from . If an item doesn&#8217;t suit you, you may return or exchange* it by following the steps below.Step 1: Return or Exchange ConditionsTo return or exchange your item (for a different size or color), please ensure that the following conditions are met:You have 30 [&#8230;]","protected":false},"author":1,"featured_media":0,"parent":0,"menu_order":0,"comment_status":"closed","ping_status":"closed","template":"page-blank-title-center.php","meta":{"footnotes":""},"class_list":["post-89","page","type-page","status-publish","hentry"],"yoast_head":"<!-- This site is optimized with the Yoast SEO plugin v25.5 - https:\/\/yoast.com\/wordpress\/plugins\/seo\/ -->\n<title>Refund &amp; Exchange Policy - Fast Sling Puck<\/title>\n<meta name=\"robots\" content=\"noindex, follow\" \/>\n<meta property=\"og:locale\" content=\"nb_NO\" \/>\n<meta property=\"og:type\" content=\"article\" \/>\n<meta property=\"og:title\" content=\"Refund &amp; Exchange Policy - Fast Sling Puck\" \/>\n<meta property=\"og:description\" content=\"We want you to be completely satisfied with your purchase from . If an item doesn&#8217;t suit you, you may return or exchange* it by following the steps below.Step 1: Return or Exchange ConditionsTo return or exchange your item (for a different size or color), please ensure that the following conditions are met:You have 30 [...]\" \/>\n<meta property=\"og:url\" content=\"https:\/\/fast-sling-puck.com\/nb\/refund-and-returns-policy\/\" \/>\n<meta property=\"og:site_name\" content=\"Fast Sling Puck\" \/>\n<meta property=\"article:modified_time\" content=\"2025-07-15T05:41:34+00:00\" \/>\n<meta name=\"twitter:card\" content=\"summary_large_image\" \/>\n<meta name=\"twitter:label1\" content=\"Ansl. lesetid\" \/>\n\t<meta name=\"twitter:data1\" content=\"2 minutter\" \/>\n<script type=\"application\/ld+json\" class=\"yoast-schema-graph\">{\"@context\":\"https:\/\/schema.org\",\"@graph\":[{\"@type\":\"WebPage\",\"@id\":\"https:\/\/fast-sling-puck.com\/refund-and-returns-policy\/\",\"url\":\"https:\/\/fast-sling-puck.com\/refund-and-returns-policy\/\",\"name\":\"Refund & Exchange Policy - Fast Sling Puck\",\"isPartOf\":{\"@id\":\"https:\/\/fast-sling-puck.com\/#website\"},\"datePublished\":\"2025-07-09T04:41:29+00:00\",\"dateModified\":\"2025-07-15T05:41:34+00:00\",\"breadcrumb\":{\"@id\":\"https:\/\/fast-sling-puck.com\/refund-and-returns-policy\/#breadcrumb\"},\"inLanguage\":\"nb-NO\",\"potentialAction\":[{\"@type\":\"ReadAction\",\"target\":[\"https:\/\/fast-sling-puck.com\/refund-and-returns-policy\/\"]}]},{\"@type\":\"BreadcrumbList\",\"@id\":\"https:\/\/fast-sling-puck.com\/refund-and-returns-policy\/#breadcrumb\",\"itemListElement\":[{\"@type\":\"ListItem\",\"position\":1,\"name\":\"Home\",\"item\":\"https:\/\/fast-sling-puck.com\/\"},{\"@type\":\"ListItem\",\"position\":2,\"name\":\"Refund &#038; Exchange Policy\"}]},{\"@type\":\"WebSite\",\"@id\":\"https:\/\/fast-sling-puck.com\/#website\",\"url\":\"https:\/\/fast-sling-puck.com\/\",\"name\":\"Fast Sling Puck\",\"description\":\"\",\"potentialAction\":[{\"@type\":\"SearchAction\",\"target\":{\"@type\":\"EntryPoint\",\"urlTemplate\":\"https:\/\/fast-sling-puck.com\/?s={search_term_string}\"},\"query-input\":{\"@type\":\"PropertyValueSpecification\",\"valueRequired\":true,\"valueName\":\"search_term_string\"}}],\"inLanguage\":\"nb-NO\"}]}<\/script>\n<!-- \/ Yoast SEO plugin. -->","yoast_head_json":{"title":"Retningslinjer for refusjon og bytte - Fast Sling Puck","robots":{"index":"noindex","follow":"follow"},"og_locale":"nb_NO","og_type":"article","og_title":"Refund & Exchange Policy - Fast Sling Puck","og_description":"We want you to be completely satisfied with your purchase from . If an item doesn&#8217;t suit you, you may return or exchange* it by following the steps below.Step 1: Return or Exchange ConditionsTo return or exchange your item (for a different size or color), please ensure that the following conditions are met:You have 30 [...]","og_url":"https:\/\/fast-sling-puck.com\/nb\/refund-and-returns-policy\/","og_site_name":"Fast Sling Puck","article_modified_time":"2025-07-15T05:41:34+00:00","twitter_card":"summary_large_image","twitter_misc":{"Ansl. lesetid":"2 minutter"},"schema":{"@context":"https:\/\/schema.org","@graph":[{"@type":"WebPage","@id":"https:\/\/fast-sling-puck.com\/refund-and-returns-policy\/","url":"https:\/\/fast-sling-puck.com\/refund-and-returns-policy\/","name":"Retningslinjer for refusjon og bytte - Fast Sling Puck","isPartOf":{"@id":"https:\/\/fast-sling-puck.com\/#website"},"datePublished":"2025-07-09T04:41:29+00:00","dateModified":"2025-07-15T05:41:34+00:00","breadcrumb":{"@id":"https:\/\/fast-sling-puck.com\/refund-and-returns-policy\/#breadcrumb"},"inLanguage":"nb-NO","potentialAction":[{"@type":"ReadAction","target":["https:\/\/fast-sling-puck.com\/refund-and-returns-policy\/"]}]},{"@type":"BreadcrumbList","@id":"https:\/\/fast-sling-puck.com\/refund-and-returns-policy\/#breadcrumb","itemListElement":[{"@type":"ListItem","position":1,"name":"Home","item":"https:\/\/fast-sling-puck.com\/"},{"@type":"ListItem","position":2,"name":"Refund &#038; Exchange Policy"}]},{"@type":"WebSite","@id":"https:\/\/fast-sling-puck.com\/#website","url":"https:\/\/fast-sling-puck.com\/","name":"Fast Sling Puck","description":"","potentialAction":[{"@type":"SearchAction","target":{"@type":"EntryPoint","urlTemplate":"https:\/\/fast-sling-puck.com\/?s={search_term_string}"},"query-input":{"@type":"PropertyValueSpecification","valueRequired":true,"valueName":"search_term_string"}}],"inLanguage":"nb-NO"}]}},"_links":{"self":[{"href":"https:\/\/fast-sling-puck.com\/nb\/wp-json\/wp\/v2\/pages\/89","targetHints":{"allow":["GET"]}}],"collection":[{"href":"https:\/\/fast-sling-puck.com\/nb\/wp-json\/wp\/v2\/pages"}],"about":[{"href":"https:\/\/fast-sling-puck.com\/nb\/wp-json\/wp\/v2\/types\/page"}],"author":[{"embeddable":true,"href":"https:\/\/fast-sling-puck.com\/nb\/wp-json\/wp\/v2\/users\/1"}],"replies":[{"embeddable":true,"href":"https:\/\/fast-sling-puck.com\/nb\/wp-json\/wp\/v2\/comments?post=89"}],"version-history":[{"count":0,"href":"https:\/\/fast-sling-puck.com\/nb\/wp-json\/wp\/v2\/pages\/89\/revisions"}],"wp:attachment":[{"href":"https:\/\/fast-sling-puck.com\/nb\/wp-json\/wp\/v2\/media?parent=89"}],"curies":[{"name":"wp","href":"https:\/\/api.w.org\/{rel}","templated":true}]}}