{"id":87,"date":"2025-07-09T04:40:18","date_gmt":"2025-07-09T04:40:18","guid":{"rendered":"https:\/\/c4hwxdcb7g.onrocket.site\/?page_id=87"},"modified":"2025-07-15T05:40:41","modified_gmt":"2025-07-15T05:40:41","slug":"payment-and-pricing","status":"publish","type":"page","link":"https:\/\/fast-sling-puck.com\/sk\/payment-and-pricing\/","title":{"rendered":"Platby a ceny"},"content":{"rendered":"<p>D\u00e1tum \u00fa\u010dinnosti: 02. marec 2025<\/p><p>D\u00f4le\u017eit\u00e9 upozornenie: Tieto z\u00e1sady ochrany osobn\u00fdch \u00fadajov boli pre va\u0161e pohodlie automaticky prelo\u017een\u00e9. V preklade sa v\u0161ak m\u00f4\u017eu vyskytn\u00fa\u0165 chyby. Origin\u00e1lnu a najpresnej\u0161iu verziu v angli\u010dtine n\u00e1jdete na na\u0161ej anglickej (USA) verzii str\u00e1nky. - V spolo\u010dnosti Fast Sling Puck pon\u00fakame r\u00f4zne sp\u00f4soby platby, aby bolo va\u0161e nakupovanie jednoduch\u00e9 a bezpe\u010dn\u00e9. Ni\u017e\u0161ie n\u00e1jdete mo\u017enosti platby, ktor\u00e9 s\u00fa k dispoz\u00edcii na na\u0161ej webovej lokalite:<\/p><h3>1. Kreditn\u00e9 a debetn\u00e9 karty<\/h3><p>Prij\u00edmame v\u0161etky hlavn\u00e9 kreditn\u00e9 a debetn\u00e9 karty vr\u00e1tane:<\/p><ul><li>Visa<\/li><li>Mastercard<\/li><li>American Express<\/li><li>Objavte<\/li><\/ul><p>Va\u0161e platobn\u00e9 inform\u00e1cie s\u00fa \u0161ifrovan\u00e9 a bezpe\u010dne spracovan\u00e9 prostredn\u00edctvom na\u0161ej platobnej br\u00e1ny, \u010d\u00edm je zaisten\u00e1 ochrana va\u0161ich \u00fadajov.<\/p><h3>2. PayPal<\/h3><p>PayPal pon\u00faka bezpe\u010dn\u00fd a jednoduch\u00fd sp\u00f4sob platby. Svoju kreditn\u00fa kartu, debetn\u00fa kartu alebo bankov\u00fd \u00fa\u010det m\u00f4\u017eete bezpe\u010dne prepoji\u0165 so svoj\u00edm \u00fa\u010dtom PayPal a pou\u017e\u00edva\u0165 ho na r\u00fdchlej\u0161iu platbu. Slu\u017eba PayPal je akceptovan\u00e1 vo v\u00e4\u010d\u0161ine kraj\u00edn, do ktor\u00fdch doru\u010dujeme tovar.<\/p><h3>3. Pruh<\/h3><p>Spolupracujeme so spolo\u010dnos\u0165ou Stripe na bezpe\u010dn\u00e9 a spo\u013eahliv\u00e9 spracovanie platieb. Spolo\u010dnos\u0165 Stripe prij\u00edma \u0161irok\u00fa \u0161k\u00e1lu kariet a digit\u00e1lnych platieb, \u010d\u00edm zabezpe\u010duje bezpe\u010dnos\u0165 va\u0161ich transakci\u00ed.<\/p><h3>4. Apple Pay<\/h3><p>Apple Pay pon\u00faka pou\u017e\u00edvate\u013eom zariaden\u00ed Apple r\u00fdchlu, bezpe\u010dn\u00fa a bezkontaktn\u00fa mo\u017enos\u0165 platby. Slu\u017eba Apple Pay je podporovan\u00e1 na opr\u00e1vnen\u00fdch zariadeniach Apple po\u010das objedn\u00e1vky.<\/p><h3>5. Google Pay<\/h3><p>Slu\u017eba Google Pay je k dispoz\u00edcii pre pou\u017e\u00edvate\u013eov s kontami Google. T\u00e1to platobn\u00e1 met\u00f3da umo\u017e\u0148uje pou\u017e\u00edva\u0165 ulo\u017een\u00e9 platobn\u00e9 met\u00f3dy na r\u00fdchle a bezpe\u010dn\u00e9 vybavenie pokladnice.<\/p><h3>6. K\u00fapi\u0165 teraz, zaplati\u0165 nesk\u00f4r<\/h3><p class=\"translation-block\">Vo vybran\u00fdch krajin\u00e1ch pon\u00fakame slu\u017ebu <strong>Afterpay<\/strong>, ktor\u00e1 v\u00e1m umo\u017en\u00ed k\u00fapi\u0165 si teraz a zaplati\u0165 na spl\u00e1tky. Pri pokladni si overte dostupnos\u0165 a zistite, \u010di je t\u00e1to mo\u017enos\u0165 dostupn\u00e1 vo va\u0161ej krajine.<\/p><h3>7. Sp\u00f4soby platby \u0161pecifick\u00e9 pre dan\u00fa krajinu<\/h3><p>Vo vybran\u00fdch krajin\u00e1ch pon\u00fakame \u010fal\u0161ie miestne sp\u00f4soby platby:<\/p><ul><li class=\"translation-block\"><strong>Bankontakt<\/strong>: Je to ob\u013e\u00faben\u00fd sp\u00f4sob platby, ktor\u00fd belgick\u00fdm z\u00e1kazn\u00edkom umo\u017e\u0148uje plati\u0165 prostredn\u00edctvom ich banky.<\/li><li class=\"translation-block\"><strong>EPS<\/strong>: EPS je k dispoz\u00edcii pre z\u00e1kazn\u00edkov v Rak\u00fasku. Umo\u017e\u0148uje bezpe\u010dn\u00e9 online platby v re\u00e1lnom \u010dase prostredn\u00edctvom v\u00e1\u0161ho bankov\u00e9ho \u00fa\u010dtu.<\/li><li class=\"translation-block\"><strong>iDEAL<\/strong>: Pre z\u00e1kazn\u00edkov v Holandsku umo\u017e\u0148uje iDEAL vykon\u00e1va\u0165 priame online platby z holandsk\u00e9ho bankov\u00e9ho \u00fa\u010dtu.<\/li><li class=\"translation-block\"><strong>Przelewy24 (P24)<\/strong>: Na miestne bankov\u00e9 prevody a platby m\u00f4\u017eu z\u00e1kazn\u00edci v Po\u013esku pou\u017e\u00edva\u0165 slu\u017ebu Przelewy24 (P24).<\/li><\/ul><h3>8. Bezpe\u010dnos\u0165 platieb<\/h3><p>V\u0161etky transakcie na na\u0161ej str\u00e1nke s\u00fa \u0161ifrovan\u00e9 pomocou technol\u00f3gie Secure Socket Layer (SSL) na ochranu va\u0161ich osobn\u00fdch \u00fadajov. Spolupracujeme s d\u00f4veryhodn\u00fdmi a bezpe\u010dn\u00fdmi platobn\u00fdmi br\u00e1nami, aby sme zaistili bezpe\u010dn\u00e9 spracovanie va\u0161ich platobn\u00fdch inform\u00e1ci\u00ed. Na na\u0161ich serveroch neuklad\u00e1me \u017eiadne platobn\u00e9 \u00fadaje.<\/p><h3>9. Inform\u00e1cie o mene<\/h3><p class=\"translation-block\">Mena zobrazen\u00e1 na na\u0161ej webovej str\u00e1nke po\u010das objedn\u00e1vky bude menou pou\u017eitou pri transakcii. Db\u00e1me na to, aby sa zobrazovali spr\u00e1vne symboly mien, aby nedo\u0161lo k z\u00e1mene, napr\u00edklad <strong>US$<\/strong> pre americk\u00e9 dol\u00e1re, <strong>A$<\/strong> pre austr\u00e1lske dol\u00e1re at\u010f. Ak sa va\u0161a mena nezobrazuje, m\u00f4\u017eete si vybra\u0165 svoju krajinu a menu v p\u00e4ti\u010dke.<\/p><h3>10. Poplatky a pr\u00edplatky<\/h3><p>Za pou\u017e\u00edvanie na\u0161ich \u0161tandardn\u00fdch platobn\u00fdch met\u00f3d ne\u00fa\u010dtujeme \u017eiadne \u010fal\u0161ie poplatky. Upozor\u0148ujeme v\u0161ak, \u017ee v\u00e1\u0161 poskytovate\u013e platby alebo banka m\u00f4\u017eu v z\u00e1vislosti od va\u0161ej polohy a sp\u00f4sobu platby \u00fa\u010dtova\u0165 \u010fal\u0161ie poplatky, napr\u00edklad poplatky za konverziu meny alebo in\u00e9 transak\u010dn\u00e9 poplatky.<\/p><h3>11. Dostupnos\u0165 platobn\u00fdch met\u00f3d pod\u013ea regi\u00f3nov<\/h3><p>Niektor\u00e9 sp\u00f4soby platby m\u00f4\u017eu by\u0165 dostupn\u00e9 len v ur\u010dit\u00fdch regi\u00f3noch alebo krajin\u00e1ch. Napr\u00edklad:<\/p><ul><li class=\"translation-block\"><strong>Afterpay<\/strong> je k dispoz\u00edcii v Austr\u00e1lii a vo vybran\u00fdch \u010fal\u0161\u00edch krajin\u00e1ch.<\/li><li class=\"translation-block\"><strong>iDEAL<\/strong> je k dispoz\u00edcii len pre z\u00e1kazn\u00edkov v Holandsku.<\/li><li class=\"translation-block\"><strong>Bancontact<\/strong> je k dispoz\u00edcii pre z\u00e1kazn\u00edkov v Belgicku.<\/li><\/ul><p>Pri pokladni sa zobrazia dostupn\u00e9 mo\u017enosti platby pod\u013ea va\u0161ej polohy.<\/p><h3>12. Z\u00e1kazn\u00edcka podpora pri probl\u00e9moch s platbami<\/h3><p>Ak sa vyskytn\u00fa ak\u00e9ko\u013evek probl\u00e9my s platbou alebo m\u00e1te ot\u00e1zky t\u00fdkaj\u00face sa transakcie, n\u00e1\u0161 t\u00edm slu\u017eieb z\u00e1kazn\u00edkom je tu pre v\u00e1s. Kontaktujte n\u00e1s na adrese contact@fast-sling-puck.com a my v\u00e1m pom\u00f4\u017eeme vyrie\u0161i\u0165 v\u0161etky probl\u00e9my s\u00favisiace s platbami.<\/p>","protected":false},"excerpt":{"rendered":"Effective Date: 02 March 2025Important Notice: This privacy policy has been automatically translated for your convenience. However, translation errors may occur. For the original and most accurate version in English, please visit our english (USA) version of the site. &#8212; At , we offer a variety of payment methods to make your shopping experience easy [&#8230;]","protected":false},"author":1,"featured_media":0,"parent":0,"menu_order":0,"comment_status":"closed","ping_status":"closed","template":"page-blank-title-center.php","meta":{"footnotes":""},"class_list":["post-87","page","type-page","status-publish","hentry"],"yoast_head":"<!-- This site is optimized with the Yoast SEO plugin v25.5 - https:\/\/yoast.com\/wordpress\/plugins\/seo\/ -->\n<title>Payment and Pricing - Fast Sling Puck<\/title>\n<meta name=\"robots\" content=\"noindex, follow\" \/>\n<meta property=\"og:locale\" content=\"sk_SK\" \/>\n<meta property=\"og:type\" content=\"article\" \/>\n<meta property=\"og:title\" content=\"Payment and Pricing - Fast Sling Puck\" \/>\n<meta property=\"og:description\" content=\"Effective Date: 02 March 2025Important Notice: This privacy policy has been automatically translated for your convenience. However, translation errors may occur. For the original and most accurate version in English, please visit our english (USA) version of the site. &#8212; At , we offer a variety of payment methods to make your shopping experience easy [...]\" \/>\n<meta property=\"og:url\" content=\"https:\/\/fast-sling-puck.com\/sk\/payment-and-pricing\/\" \/>\n<meta property=\"og:site_name\" content=\"Fast Sling Puck\" \/>\n<meta property=\"article:modified_time\" content=\"2025-07-15T05:40:41+00:00\" \/>\n<meta name=\"twitter:card\" content=\"summary_large_image\" \/>\n<meta name=\"twitter:label1\" content=\"Predpokladan\u00fd \u010das \u010d\u00edtania\" \/>\n\t<meta name=\"twitter:data1\" content=\"3 min\u00faty\" \/>\n<script type=\"application\/ld+json\" class=\"yoast-schema-graph\">{\"@context\":\"https:\/\/schema.org\",\"@graph\":[{\"@type\":\"WebPage\",\"@id\":\"https:\/\/fast-sling-puck.com\/payment-and-pricing\/\",\"url\":\"https:\/\/fast-sling-puck.com\/payment-and-pricing\/\",\"name\":\"Payment and Pricing - Fast Sling Puck\",\"isPartOf\":{\"@id\":\"https:\/\/fast-sling-puck.com\/#website\"},\"datePublished\":\"2025-07-09T04:40:18+00:00\",\"dateModified\":\"2025-07-15T05:40:41+00:00\",\"breadcrumb\":{\"@id\":\"https:\/\/fast-sling-puck.com\/payment-and-pricing\/#breadcrumb\"},\"inLanguage\":\"sk-SK\",\"potentialAction\":[{\"@type\":\"ReadAction\",\"target\":[\"https:\/\/fast-sling-puck.com\/payment-and-pricing\/\"]}]},{\"@type\":\"BreadcrumbList\",\"@id\":\"https:\/\/fast-sling-puck.com\/payment-and-pricing\/#breadcrumb\",\"itemListElement\":[{\"@type\":\"ListItem\",\"position\":1,\"name\":\"Home\",\"item\":\"https:\/\/fast-sling-puck.com\/\"},{\"@type\":\"ListItem\",\"position\":2,\"name\":\"Payment and Pricing\"}]},{\"@type\":\"WebSite\",\"@id\":\"https:\/\/fast-sling-puck.com\/#website\",\"url\":\"https:\/\/fast-sling-puck.com\/\",\"name\":\"Fast Sling Puck\",\"description\":\"\",\"potentialAction\":[{\"@type\":\"SearchAction\",\"target\":{\"@type\":\"EntryPoint\",\"urlTemplate\":\"https:\/\/fast-sling-puck.com\/?s={search_term_string}\"},\"query-input\":{\"@type\":\"PropertyValueSpecification\",\"valueRequired\":true,\"valueName\":\"search_term_string\"}}],\"inLanguage\":\"sk-SK\"}]}<\/script>\n<!-- \/ Yoast SEO plugin. -->","yoast_head_json":{"title":"Platby a ceny - Fast Sling Puck","robots":{"index":"noindex","follow":"follow"},"og_locale":"sk_SK","og_type":"article","og_title":"Payment and Pricing - Fast Sling Puck","og_description":"Effective Date: 02 March 2025Important Notice: This privacy policy has been automatically translated for your convenience. However, translation errors may occur. For the original and most accurate version in English, please visit our english (USA) version of the site. &#8212; At , we offer a variety of payment methods to make your shopping experience easy [...]","og_url":"https:\/\/fast-sling-puck.com\/sk\/payment-and-pricing\/","og_site_name":"Fast Sling Puck","article_modified_time":"2025-07-15T05:40:41+00:00","twitter_card":"summary_large_image","twitter_misc":{"Predpokladan\u00fd \u010das \u010d\u00edtania":"3 min\u00faty"},"schema":{"@context":"https:\/\/schema.org","@graph":[{"@type":"WebPage","@id":"https:\/\/fast-sling-puck.com\/payment-and-pricing\/","url":"https:\/\/fast-sling-puck.com\/payment-and-pricing\/","name":"Platby a ceny - Fast Sling Puck","isPartOf":{"@id":"https:\/\/fast-sling-puck.com\/#website"},"datePublished":"2025-07-09T04:40:18+00:00","dateModified":"2025-07-15T05:40:41+00:00","breadcrumb":{"@id":"https:\/\/fast-sling-puck.com\/payment-and-pricing\/#breadcrumb"},"inLanguage":"sk-SK","potentialAction":[{"@type":"ReadAction","target":["https:\/\/fast-sling-puck.com\/payment-and-pricing\/"]}]},{"@type":"BreadcrumbList","@id":"https:\/\/fast-sling-puck.com\/payment-and-pricing\/#breadcrumb","itemListElement":[{"@type":"ListItem","position":1,"name":"Home","item":"https:\/\/fast-sling-puck.com\/"},{"@type":"ListItem","position":2,"name":"Payment and Pricing"}]},{"@type":"WebSite","@id":"https:\/\/fast-sling-puck.com\/#website","url":"https:\/\/fast-sling-puck.com\/","name":"Fast Sling Puck","description":"","potentialAction":[{"@type":"SearchAction","target":{"@type":"EntryPoint","urlTemplate":"https:\/\/fast-sling-puck.com\/?s={search_term_string}"},"query-input":{"@type":"PropertyValueSpecification","valueRequired":true,"valueName":"search_term_string"}}],"inLanguage":"sk-SK"}]}},"_links":{"self":[{"href":"https:\/\/fast-sling-puck.com\/sk\/wp-json\/wp\/v2\/pages\/87","targetHints":{"allow":["GET"]}}],"collection":[{"href":"https:\/\/fast-sling-puck.com\/sk\/wp-json\/wp\/v2\/pages"}],"about":[{"href":"https:\/\/fast-sling-puck.com\/sk\/wp-json\/wp\/v2\/types\/page"}],"author":[{"embeddable":true,"href":"https:\/\/fast-sling-puck.com\/sk\/wp-json\/wp\/v2\/users\/1"}],"replies":[{"embeddable":true,"href":"https:\/\/fast-sling-puck.com\/sk\/wp-json\/wp\/v2\/comments?post=87"}],"version-history":[{"count":0,"href":"https:\/\/fast-sling-puck.com\/sk\/wp-json\/wp\/v2\/pages\/87\/revisions"}],"wp:attachment":[{"href":"https:\/\/fast-sling-puck.com\/sk\/wp-json\/wp\/v2\/media?parent=87"}],"curies":[{"name":"wp","href":"https:\/\/api.w.org\/{rel}","templated":true}]}}